{"id":51763,"date":"2016-02-01T10:02:42","date_gmt":"2016-02-01T10:02:42","guid":{"rendered":"https:\/\/casa-kraus.ro\/rezervare\/"},"modified":"2022-03-10T15:45:21","modified_gmt":"2022-03-10T15:45:21","slug":"reservierung","status":"publish","type":"page","link":"https:\/\/casa-kraus.ro\/de\/reservierung\/","title":{"rendered":"Reservierung"},"content":{"rendered":"<p>[vc_row row_type=&#8220;row&#8220; use_row_as_full_screen_section=&#8220;no&#8220; type=&#8220;full_width&#8220; oblique_section=&#8220;no&#8220; text_align=&#8220;left&#8220; css_animation=&#8220;&#8220; box_shadow_on_row=&#8220;no&#8220;][vc_column][vc_column_text]<\/p>\n<div class=\"wpb_text_column wpb_content_element \">\n<div class=\"wpb_wrapper\">\n<p>Jedes Zimmer hat ihre eigene Geschichte<\/p>\n<\/div>\n<\/div>\n<p>[\/vc_column_text][vc_separator type=&#8220;transparent&#8220;][\/vc_column][\/vc_row][vc_row row_type=&#8220;row&#8220; use_row_as_full_screen_section=&#8220;no&#8220; type=&#8220;full_width&#8220; oblique_section=&#8220;no&#8220; text_align=&#8220;left&#8220; css_animation=&#8220;&#8220; box_shadow_on_row=&#8220;no&#8220;][vc_column width=&#8220;2\/3&#8243;][dhvc_form id=&#8220;51812&#8243;][\/vc_column][vc_column width=&#8220;1\/3&#8243;][vc_column_text]<\/p>\n<h2>KONTAKT<\/h2>\n<p>[\/vc_column_text][vc_separator type=&#8220;transparent&#8220;]<div class='q_icon_with_title  circle'><div class=\"icon_holder \" style=\"margin: 0 20px 0 0; \"><div class=\"icon_holder_inner\"><span class=\"q_font_elegant_holder circle  custom-font\" style=\"font-size: 16px;\"><span aria-hidden=\"true\" class=\"qode_icon_font_elegant icon_pin_alt icon_text_icon q_font_elegant_icon \" style=\"font-size: 16px;\" ><\/span><\/span><\/div><\/div><div class=\"icon_text_holder\" style=\"padding-left: 70px;\"><div class=\"icon_title_inner_holder\"><h3 class=\"icon_title \" style=\"\">ADRESSE<\/h3><\/div><div class=\"icon_text_inner\" style=\"\"><p style=''><\/p><\/div><\/div><\/div>[vc_column_text css=&#8220;.vc_custom_1646922413725{padding-left: 70px !important;}&#8220;]Dorf Deutsch-Kreuz, Nr. 25, Gemeinde Bodendorf, Kreis Kronstadt.[\/vc_column_text][vc_separator type=&#8220;transparent&#8220;]<div class='q_icon_with_title  circle'><div class=\"icon_holder \" style=\"margin: 0 20px 0 0; \"><div class=\"icon_holder_inner\"><span class=\"q_font_elegant_holder circle  custom-font\" style=\"font-size: 16px;\"><span aria-hidden=\"true\" class=\"qode_icon_font_elegant icon_phone icon_text_icon q_font_elegant_icon \" style=\"font-size: 16px;\" ><\/span><\/span><\/div><\/div><div class=\"icon_text_holder\" style=\"padding-left: 70px;\"><div class=\"icon_title_inner_holder\"><h3 class=\"icon_title \" style=\"\">TELEFON<\/h3><\/div><div class=\"icon_text_inner\" style=\"\"><p style=''><\/p><\/div><\/div><\/div>[vc_column_text css=&#8220;.vc_custom_1646922392878{padding-left: 70px !important;}&#8220;]+40 372 117 003[\/vc_column_text][vc_separator type=&#8220;transparent&#8220;]<div class='q_icon_with_title  circle'><div class=\"icon_holder \" style=\"margin: 0 20px 0 0; \"><div class=\"icon_holder_inner\"><span class=\"q_font_elegant_holder circle  custom-font\" style=\"font-size: 16px;\"><span aria-hidden=\"true\" class=\"qode_icon_font_elegant icon_mail_alt icon_text_icon q_font_elegant_icon \" style=\"font-size: 16px;\" ><\/span><\/span><\/div><\/div><div class=\"icon_text_holder\" style=\"padding-left: 70px;\"><div class=\"icon_title_inner_holder\"><h3 class=\"icon_title \" style=\"\">E-MAIL<\/h3><\/div><div class=\"icon_text_inner\" style=\"\"><p style=''><\/p><\/div><\/div><\/div>[vc_column_text css=&#8220;.vc_custom_1453885809290{padding-left: 70px !important;}&#8220;]<a href=\"mailto:rezervari@casa-kraus.ro\">rezervari@casa-kraus.ro<\/a>[\/vc_column_text][vc_separator type=&#8220;transparent&#8220;][\/vc_column][\/vc_row][vc_row row_type=&#8220;row&#8220; use_row_as_full_screen_section=&#8220;no&#8220; type=&#8220;full_width&#8220; oblique_section=&#8220;no&#8220; text_align=&#8220;left&#8220; css_animation=&#8220;&#8220; box_shadow_on_row=&#8220;no&#8220;][vc_column][vc_separator type=&#8220;transparent&#8220;][vc_column_text]<\/p>\n<h2><strong>HINWEIS:<\/strong><\/h2>\n<p>Das Ausf\u00fcllen dieses Reservierungsformulars ist nicht eine feste Best\u00e4tigung der Zimmerverf\u00fcgbarkeit in der gew\u00fcnschten Zeit. In diesem Zusammenhang werden Sie in K\u00fcrze per E-mail von einem Vertreter des Hauses Kraus kontaktiert.[\/vc_column_text][vc_separator type=&#8220;transparent&#8220;][\/vc_column][\/vc_row][vc_row row_type=&#8220;row&#8220; use_row_as_full_screen_section=&#8220;no&#8220; type=&#8220;full_width&#8220; oblique_section=&#8220;no&#8220; text_align=&#8220;left&#8220; css_animation=&#8220;&#8220; box_shadow_on_row=&#8220;no&#8220;][vc_column][vc_empty_space height=&#8220;50px&#8220; image_repeat=&#8220;no-repeat&#8220;][\/vc_column][\/vc_row]<\/p>\n","protected":false},"excerpt":{"rendered":"<p>[vc_row row_type=&#8220;row&#8220; use_row_as_full_screen_section=&#8220;no&#8220; type=&#8220;full_width&#8220; oblique_section=&#8220;no&#8220; text_align=&#8220;left&#8220; css_animation=&#8220;&#8220; box_shadow_on_row=&#8220;no&#8220;][vc_column][vc_column_text] Jedes Zimmer hat ihre eigene Geschichte [\/vc_column_text][vc_separator type=&#8220;transparent&#8220;][\/vc_column][\/vc_row][vc_row row_type=&#8220;row&#8220; use_row_as_full_screen_section=&#8220;no&#8220; type=&#8220;full_width&#8220; oblique_section=&#8220;no&#8220; text_align=&#8220;left&#8220; css_animation=&#8220;&#8220; box_shadow_on_row=&#8220;no&#8220;][vc_column width=&#8220;2\/3&#8243;][dhvc_form id=&#8220;51812&#8243;][\/vc_column][vc_column width=&#8220;1\/3&#8243;][vc_column_text] KONTAKT [\/vc_column_text][vc_separator type=&#8220;transparent&#8220;][vc_column_text css=&#8220;.vc_custom_1646922413725{padding-left: 70px !important;}&#8220;]Dorf Deutsch-Kreuz, Nr. 25, Gemeinde Bodendorf, Kreis Kronstadt.[\/vc_column_text][vc_separator type=&#8220;transparent&#8220;][vc_column_text css=&#8220;.vc_custom_1646922392878{padding-left: 70px !important;}&#8220;]+40 372 117&#8230;<\/p>\n","protected":false},"author":1,"featured_media":0,"parent":0,"menu_order":0,"comment_status":"closed","ping_status":"closed","template":"","meta":{"spay_email":""},"yoast_head":"<!-- This site is optimized with the Yoast SEO plugin v18.1 - https:\/\/yoast.com\/wordpress\/plugins\/seo\/ -->\n<title>Reservierung - Casa Kraus<\/title>\n<meta name=\"robots\" content=\"index, follow, max-snippet:-1, max-image-preview:large, max-video-preview:-1\" \/>\n<link rel=\"canonical\" href=\"https:\/\/casa-kraus.ro\/de\/reservierung\/\" \/>\n<meta property=\"og:locale\" content=\"de_DE\" \/>\n<meta property=\"og:type\" content=\"article\" \/>\n<meta property=\"og:title\" content=\"Reservierung - Casa Kraus\" \/>\n<meta property=\"og:description\" content=\"[vc_row row_type=&#8220;row&#8220; use_row_as_full_screen_section=&#8220;no&#8220; type=&#8220;full_width&#8220; oblique_section=&#8220;no&#8220; text_align=&#8220;left&#8220; css_animation=&#8220;&#8220; box_shadow_on_row=&#8220;no&#8220;][vc_column][vc_column_text] Jedes Zimmer hat ihre eigene Geschichte [\/vc_column_text][vc_separator type=&#8220;transparent&#8220;][\/vc_column][\/vc_row][vc_row row_type=&#8220;row&#8220; use_row_as_full_screen_section=&#8220;no&#8220; type=&#8220;full_width&#8220; oblique_section=&#8220;no&#8220; text_align=&#8220;left&#8220; css_animation=&#8220;&#8220; box_shadow_on_row=&#8220;no&#8220;][vc_column width=&#8220;2\/3&#8243;][dhvc_form id=&#8220;51812&#8243;][\/vc_column][vc_column width=&#8220;1\/3&#8243;][vc_column_text] KONTAKT [\/vc_column_text][vc_separator type=&#8220;transparent&#8220;][vc_column_text css=&#8220;.vc_custom_1646922413725{padding-left: 70px !important;}&#8220;]Dorf Deutsch-Kreuz, Nr. 25, Gemeinde Bodendorf, Kreis Kronstadt.[\/vc_column_text][vc_separator type=&#8220;transparent&#8220;][vc_column_text css=&#8220;.vc_custom_1646922392878{padding-left: 70px !important;}&#8220;]+40 372 117...\" \/>\n<meta property=\"og:url\" content=\"https:\/\/casa-kraus.ro\/de\/reservierung\/\" \/>\n<meta property=\"og:site_name\" content=\"Casa Kraus\" \/>\n<meta property=\"article:publisher\" content=\"https:\/\/www.facebook.com\/casakrauscrit\/\" \/>\n<meta property=\"article:modified_time\" content=\"2022-03-10T15:45:21+00:00\" \/>\n<meta name=\"twitter:card\" content=\"summary\" \/>\n<meta name=\"twitter:label1\" content=\"Gesch\u00e4tzte Lesezeit\" \/>\n\t<meta name=\"twitter:data1\" content=\"1 Minute\" \/>\n<script type=\"application\/ld+json\" class=\"yoast-schema-graph\">{\"@context\":\"https:\/\/schema.org\",\"@graph\":[{\"@type\":\"WebSite\",\"@id\":\"https:\/\/casa-kraus.ro\/#website\",\"url\":\"https:\/\/casa-kraus.ro\/\",\"name\":\"Casa Kraus\",\"description\":\"\",\"potentialAction\":[{\"@type\":\"SearchAction\",\"target\":{\"@type\":\"EntryPoint\",\"urlTemplate\":\"https:\/\/casa-kraus.ro\/?s={search_term_string}\"},\"query-input\":\"required name=search_term_string\"}],\"inLanguage\":\"de-DE\"},{\"@type\":\"WebPage\",\"@id\":\"https:\/\/casa-kraus.ro\/de\/reservierung\/#webpage\",\"url\":\"https:\/\/casa-kraus.ro\/de\/reservierung\/\",\"name\":\"Reservierung - Casa Kraus\",\"isPartOf\":{\"@id\":\"https:\/\/casa-kraus.ro\/#website\"},\"datePublished\":\"2016-02-01T10:02:42+00:00\",\"dateModified\":\"2022-03-10T15:45:21+00:00\",\"breadcrumb\":{\"@id\":\"https:\/\/casa-kraus.ro\/de\/reservierung\/#breadcrumb\"},\"inLanguage\":\"de-DE\",\"potentialAction\":[{\"@type\":\"ReadAction\",\"target\":[\"https:\/\/casa-kraus.ro\/de\/reservierung\/\"]}]},{\"@type\":\"BreadcrumbList\",\"@id\":\"https:\/\/casa-kraus.ro\/de\/reservierung\/#breadcrumb\",\"itemListElement\":[{\"@type\":\"ListItem\",\"position\":1,\"name\":\"Home\",\"item\":\"https:\/\/casa-kraus.ro\/de\/\"},{\"@type\":\"ListItem\",\"position\":2,\"name\":\"Reservierung\"}]}]}<\/script>\n<!-- \/ Yoast SEO plugin. -->","yoast_head_json":{"title":"Reservierung - Casa Kraus","robots":{"index":"index","follow":"follow","max-snippet":"max-snippet:-1","max-image-preview":"max-image-preview:large","max-video-preview":"max-video-preview:-1"},"canonical":"https:\/\/casa-kraus.ro\/de\/reservierung\/","og_locale":"de_DE","og_type":"article","og_title":"Reservierung - Casa Kraus","og_description":"[vc_row row_type=&#8220;row&#8220; use_row_as_full_screen_section=&#8220;no&#8220; type=&#8220;full_width&#8220; oblique_section=&#8220;no&#8220; text_align=&#8220;left&#8220; css_animation=&#8220;&#8220; box_shadow_on_row=&#8220;no&#8220;][vc_column][vc_column_text] Jedes Zimmer hat ihre eigene Geschichte [\/vc_column_text][vc_separator type=&#8220;transparent&#8220;][\/vc_column][\/vc_row][vc_row row_type=&#8220;row&#8220; use_row_as_full_screen_section=&#8220;no&#8220; type=&#8220;full_width&#8220; oblique_section=&#8220;no&#8220; text_align=&#8220;left&#8220; css_animation=&#8220;&#8220; box_shadow_on_row=&#8220;no&#8220;][vc_column width=&#8220;2\/3&#8243;][dhvc_form id=&#8220;51812&#8243;][\/vc_column][vc_column width=&#8220;1\/3&#8243;][vc_column_text] KONTAKT [\/vc_column_text][vc_separator type=&#8220;transparent&#8220;][vc_column_text css=&#8220;.vc_custom_1646922413725{padding-left: 70px !important;}&#8220;]Dorf Deutsch-Kreuz, Nr. 25, Gemeinde Bodendorf, Kreis Kronstadt.[\/vc_column_text][vc_separator type=&#8220;transparent&#8220;][vc_column_text css=&#8220;.vc_custom_1646922392878{padding-left: 70px !important;}&#8220;]+40 372 117...","og_url":"https:\/\/casa-kraus.ro\/de\/reservierung\/","og_site_name":"Casa Kraus","article_publisher":"https:\/\/www.facebook.com\/casakrauscrit\/","article_modified_time":"2022-03-10T15:45:21+00:00","twitter_card":"summary","twitter_misc":{"Gesch\u00e4tzte Lesezeit":"1 Minute"},"schema":{"@context":"https:\/\/schema.org","@graph":[{"@type":"WebSite","@id":"https:\/\/casa-kraus.ro\/#website","url":"https:\/\/casa-kraus.ro\/","name":"Casa Kraus","description":"","potentialAction":[{"@type":"SearchAction","target":{"@type":"EntryPoint","urlTemplate":"https:\/\/casa-kraus.ro\/?s={search_term_string}"},"query-input":"required name=search_term_string"}],"inLanguage":"de-DE"},{"@type":"WebPage","@id":"https:\/\/casa-kraus.ro\/de\/reservierung\/#webpage","url":"https:\/\/casa-kraus.ro\/de\/reservierung\/","name":"Reservierung - Casa Kraus","isPartOf":{"@id":"https:\/\/casa-kraus.ro\/#website"},"datePublished":"2016-02-01T10:02:42+00:00","dateModified":"2022-03-10T15:45:21+00:00","breadcrumb":{"@id":"https:\/\/casa-kraus.ro\/de\/reservierung\/#breadcrumb"},"inLanguage":"de-DE","potentialAction":[{"@type":"ReadAction","target":["https:\/\/casa-kraus.ro\/de\/reservierung\/"]}]},{"@type":"BreadcrumbList","@id":"https:\/\/casa-kraus.ro\/de\/reservierung\/#breadcrumb","itemListElement":[{"@type":"ListItem","position":1,"name":"Home","item":"https:\/\/casa-kraus.ro\/de\/"},{"@type":"ListItem","position":2,"name":"Reservierung"}]}]}},"jetpack_sharing_enabled":true,"_links":{"self":[{"href":"https:\/\/casa-kraus.ro\/de\/wp-json\/wp\/v2\/pages\/51763"}],"collection":[{"href":"https:\/\/casa-kraus.ro\/de\/wp-json\/wp\/v2\/pages"}],"about":[{"href":"https:\/\/casa-kraus.ro\/de\/wp-json\/wp\/v2\/types\/page"}],"author":[{"embeddable":true,"href":"https:\/\/casa-kraus.ro\/de\/wp-json\/wp\/v2\/users\/1"}],"replies":[{"embeddable":true,"href":"https:\/\/casa-kraus.ro\/de\/wp-json\/wp\/v2\/comments?post=51763"}],"version-history":[{"count":0,"href":"https:\/\/casa-kraus.ro\/de\/wp-json\/wp\/v2\/pages\/51763\/revisions"}],"wp:attachment":[{"href":"https:\/\/casa-kraus.ro\/de\/wp-json\/wp\/v2\/media?parent=51763"}],"curies":[{"name":"wp","href":"https:\/\/api.w.org\/{rel}","templated":true}]}}